{"id":1469,"date":"2024-09-26T11:01:12","date_gmt":"2024-09-26T09:01:12","guid":{"rendered":"https:\/\/federicaariemma.com\/?page_id=1469"},"modified":"2025-09-09T16:32:18","modified_gmt":"2025-09-09T14:32:18","slug":"faq","status":"publish","type":"page","link":"https:\/\/federicaariemma.com\/en\/faq\/","title":{"rendered":"FAQ"},"content":{"rendered":"<div data-elementor-type=\"wp-page\" data-elementor-id=\"1469\" class=\"elementor elementor-1469\" data-elementor-post-type=\"page\">\n\t\t\t\t<div class=\"elementor-element elementor-element-1c630d6 e-con-full e-flex e-con e-parent\" data-id=\"1c630d6\" data-element_type=\"container\">\n\t\t<div class=\"elementor-element elementor-element-f434bfa e-con-full e-flex e-con e-child\" data-id=\"f434bfa\" data-element_type=\"container\" data-settings=\"{&quot;background_background&quot;:&quot;classic&quot;,&quot;sticky&quot;:&quot;top&quot;,&quot;sticky_effects_offset&quot;:100,&quot;sticky_parent&quot;:&quot;yes&quot;,&quot;sticky_on&quot;:[&quot;desktop&quot;,&quot;tablet&quot;],&quot;sticky_offset&quot;:0}\">\n\t\t\t\t<div class=\"elementor-element elementor-element-4685215 elementor-widget__width-inherit elementor-invisible elementor-widget elementor-widget-heading\" data-id=\"4685215\" data-element_type=\"widget\" data-settings=\"{&quot;_animation&quot;:&quot;fadeIn&quot;}\" data-widget_type=\"heading.default\">\n\t\t\t\t<div class=\"elementor-widget-container\">\n\t\t\t<style>\/*! elementor - v3.22.0 - 26-06-2024 *\/\n.elementor-heading-title{padding:0;margin:0;line-height:1}.elementor-widget-heading .elementor-heading-title[class*=elementor-size-]>a{color:inherit;font-size:inherit;line-height:inherit}.elementor-widget-heading .elementor-heading-title.elementor-size-small{font-size:15px}.elementor-widget-heading .elementor-heading-title.elementor-size-medium{font-size:19px}.elementor-widget-heading .elementor-heading-title.elementor-size-large{font-size:29px}.elementor-widget-heading .elementor-heading-title.elementor-size-xl{font-size:39px}.elementor-widget-heading .elementor-heading-title.elementor-size-xxl{font-size:59px}<\/style><span class=\"elementor-heading-title elementor-size-default\">Faq<\/span>\t\t<\/div>\n\t\t\t\t<\/div>\n\t\t\t\t<div class=\"elementor-element elementor-element-bae92c1 elementor-widget__width-initial elementor-widget-mobile__width-inherit elementor-widget elementor-widget-text-editor\" data-id=\"bae92c1\" data-element_type=\"widget\" data-widget_type=\"text-editor.default\">\n\t\t\t\t<div class=\"elementor-widget-container\">\n\t\t\t<style>\/*! elementor - v3.22.0 - 26-06-2024 *\/\n.elementor-widget-text-editor.elementor-drop-cap-view-stacked .elementor-drop-cap{background-color:#69727d;color:#fff}.elementor-widget-text-editor.elementor-drop-cap-view-framed .elementor-drop-cap{color:#69727d;border:3px solid;background-color:transparent}.elementor-widget-text-editor:not(.elementor-drop-cap-view-default) .elementor-drop-cap{margin-top:8px}.elementor-widget-text-editor:not(.elementor-drop-cap-view-default) .elementor-drop-cap-letter{width:1em;height:1em}.elementor-widget-text-editor .elementor-drop-cap{float:left;text-align:center;line-height:1;font-size:50px}.elementor-widget-text-editor .elementor-drop-cap-letter{display:inline-block}<\/style>\t\t\t\t<p>This page is a space designed to answer all your curiosities and doubts. Here you will find answers to the questions we are asked most often. It is a useful guide to find out more about how we work and how we make every wedding a unique memory. We want it to be a starting point for us to get to know each other!<\/p>\t\t\t\t\t\t<\/div>\n\t\t\t\t<\/div>\n\t\t\t\t<\/div>\n\t\t<div class=\"elementor-element elementor-element-36988f9 e-con-full e-flex e-con e-child\" data-id=\"36988f9\" data-element_type=\"container\">\n\t\t\t\t<div class=\"elementor-element elementor-element-3a4161c elementor-widget__width-inherit titolo-regular elementor-widget elementor-widget-heading\" data-id=\"3a4161c\" data-element_type=\"widget\" data-widget_type=\"heading.default\">\n\t\t\t\t<div class=\"elementor-widget-container\">\n\t\t\t<h3 class=\"elementor-heading-title elementor-size-default\">What are your prices?<\/h3>\t\t<\/div>\n\t\t\t\t<\/div>\n\t\t\t\t<div class=\"elementor-element elementor-element-c025721 elementor-widget elementor-widget-text-editor\" data-id=\"c025721\" data-element_type=\"widget\" data-widget_type=\"text-editor.default\">\n\t\t\t\t<div class=\"elementor-widget-container\">\n\t\t\t\t\t\t\t<p>Fill out the form in the contact section and tell us about your event. We will send you all the information and related prices of our services.<\/p>\t\t\t\t\t\t<\/div>\n\t\t\t\t<\/div>\n\t\t\t\t<div class=\"elementor-element elementor-element-42740ca elementor-widget__width-inherit titolo-regular elementor-widget elementor-widget-heading\" data-id=\"42740ca\" data-element_type=\"widget\" data-widget_type=\"heading.default\">\n\t\t\t\t<div class=\"elementor-widget-container\">\n\t\t\t<h3 class=\"elementor-heading-title elementor-size-default\">How long in advance do we have to contact you?<\/h3>\t\t<\/div>\n\t\t\t\t<\/div>\n\t\t\t\t<div class=\"elementor-element elementor-element-fa774e2 elementor-widget__width-inherit elementor-widget elementor-widget-text-editor\" data-id=\"fa774e2\" data-element_type=\"widget\" data-widget_type=\"text-editor.default\">\n\t\t\t\t<div class=\"elementor-widget-container\">\n\t\t\t\t\t\t\t<p>As soon as possible.<br \/>Even a year earlier (especially for summer weddings).<br \/>However, it is not said that you are not lucky enough to find your date available even last minute!<\/p>\t\t\t\t\t\t<\/div>\n\t\t\t\t<\/div>\n\t\t\t\t<div class=\"elementor-element elementor-element-e626277 elementor-widget__width-inherit titolo-regular elementor-widget elementor-widget-heading\" data-id=\"e626277\" data-element_type=\"widget\" data-widget_type=\"heading.default\">\n\t\t\t\t<div class=\"elementor-widget-container\">\n\t\t\t<h3 class=\"elementor-heading-title elementor-size-default\">How many weddings do you photograph every year?<\/h3>\t\t<\/div>\n\t\t\t\t<\/div>\n\t\t\t\t<div class=\"elementor-element elementor-element-781d49d elementor-widget elementor-widget-text-editor\" data-id=\"781d49d\" data-element_type=\"widget\" data-widget_type=\"text-editor.default\">\n\t\t\t\t<div class=\"elementor-widget-container\">\n\t\t\t\t\t\t\t<p>We photograph 25-30 weddings a year. This is fundamental to our creativity. In this way we can really concentrate and dedicate ourselves entirely to those couples who really believe in us and in our work.<\/p>\t\t\t\t\t\t<\/div>\n\t\t\t\t<\/div>\n\t\t\t\t<div class=\"elementor-element elementor-element-b6e9d98 elementor-widget__width-inherit titolo-regular elementor-widget elementor-widget-heading\" data-id=\"b6e9d98\" data-element_type=\"widget\" data-widget_type=\"heading.default\">\n\t\t\t\t<div class=\"elementor-widget-container\">\n\t\t\t<h3 class=\"elementor-heading-title elementor-size-default\">Do you work alone or do you use a team?<\/h3>\t\t<\/div>\n\t\t\t\t<\/div>\n\t\t\t\t<div class=\"elementor-element elementor-element-cfd8421 elementor-widget elementor-widget-text-editor\" data-id=\"cfd8421\" data-element_type=\"widget\" data-widget_type=\"text-editor.default\">\n\t\t\t\t<div class=\"elementor-widget-container\">\n\t\t\t\t\t\t\t<p>We always work in 2 pairs.<br \/>You can choose to have me and Matteo together or one of us together with a second professional photographer.<br \/>It allows us to risk classic photography on some occasions, such as throwing rice. If one of us is in front of the bride and groom making sure to have the photograph of that moment, the other could be further away or even behind, in a riskier position but for a shot that he thinks is better at that moment. The second photographer also allows you to cover the preparation of the groom, who will be able to enjoy every moment without having to pretend.<\/p>\t\t\t\t\t\t<\/div>\n\t\t\t\t<\/div>\n\t\t\t\t<div class=\"elementor-element elementor-element-d9d7e6e elementor-widget__width-inherit titolo-regular elementor-widget elementor-widget-heading\" data-id=\"d9d7e6e\" data-element_type=\"widget\" data-widget_type=\"heading.default\">\n\t\t\t\t<div class=\"elementor-widget-container\">\n\t\t\t<h3 class=\"elementor-heading-title elementor-size-default\">Are you traveling for weddings outside your city or abroad?<\/h3>\t\t<\/div>\n\t\t\t\t<\/div>\n\t\t\t\t<div class=\"elementor-element elementor-element-32faf14 elementor-widget__width-inherit elementor-widget elementor-widget-text-editor\" data-id=\"32faf14\" data-element_type=\"widget\" data-widget_type=\"text-editor.default\">\n\t\t\t\t<div class=\"elementor-widget-container\">\n\t\t\t\t\t\t\t<p>Absolutely! We love traveling and discovering new places. We're available wherever you'd like to take us, in Italy or abroad. We often work in Tuscany, Umbria, the Amalfi Coast, Venice, Sicily, and Rome. Additionally, we've photographed internationally, including in England, France, Germany, and soon, Greece.<\/p>\t\t\t\t\t\t<\/div>\n\t\t\t\t<\/div>\n\t\t\t\t<div class=\"elementor-element elementor-element-5457c57 elementor-widget__width-inherit titolo-regular elementor-widget elementor-widget-heading\" data-id=\"5457c57\" data-element_type=\"widget\" data-widget_type=\"heading.default\">\n\t\t\t\t<div class=\"elementor-widget-container\">\n\t\t\t<h3 class=\"elementor-heading-title elementor-size-default\">How soon will we have our photos?<\/h3>\t\t<\/div>\n\t\t\t\t<\/div>\n\t\t\t\t<div class=\"elementor-element elementor-element-1eada1d elementor-widget__width-inherit elementor-widget elementor-widget-text-editor\" data-id=\"1eada1d\" data-element_type=\"widget\" data-widget_type=\"text-editor.default\">\n\t\t\t\t<div class=\"elementor-widget-container\">\n\t\t\t\t\t\t\t<p>The delivery time of the work can vary from 4 to 10 months.<br \/>Each couple has the option of purchasing fast delivery, which provides a delivery time of 1 months. However, the availability to purchase must be evaluated at the moment.<\/p>\t\t\t\t\t\t<\/div>\n\t\t\t\t<\/div>\n\t\t\t\t<div class=\"elementor-element elementor-element-9c66e1e elementor-widget__width-inherit titolo-regular elementor-widget elementor-widget-heading\" data-id=\"9c66e1e\" data-element_type=\"widget\" data-widget_type=\"heading.default\">\n\t\t\t\t<div class=\"elementor-widget-container\">\n\t\t\t<h3 class=\"elementor-heading-title elementor-size-default\">Is it possible to book both of you?<\/h3>\t\t<\/div>\n\t\t\t\t<\/div>\n\t\t\t\t<div class=\"elementor-element elementor-element-3a6ae3d elementor-widget__width-inherit elementor-widget elementor-widget-text-editor\" data-id=\"3a6ae3d\" data-element_type=\"widget\" data-widget_type=\"text-editor.default\">\n\t\t\t\t<div class=\"elementor-widget-container\">\n\t\t\t\t\t\t\t<p>If we are both free, definitely!<br \/>Fill out the form in the \"Contacts\" session and specify it in the request.<\/p>\t\t\t\t\t\t<\/div>\n\t\t\t\t<\/div>\n\t\t\t\t<div class=\"elementor-element elementor-element-03ee9f0 elementor-widget__width-inherit titolo-regular elementor-widget elementor-widget-heading\" data-id=\"03ee9f0\" data-element_type=\"widget\" data-widget_type=\"heading.default\">\n\t\t\t\t<div class=\"elementor-widget-container\">\n\t\t\t<h3 class=\"elementor-heading-title elementor-size-default\">Is there a difference between you and Matteo?<\/h3>\t\t<\/div>\n\t\t\t\t<\/div>\n\t\t\t\t<div class=\"elementor-element elementor-element-6a4ff72 elementor-widget__width-inherit elementor-widget elementor-widget-text-editor\" data-id=\"6a4ff72\" data-element_type=\"widget\" data-widget_type=\"text-editor.default\">\n\t\t\t\t<div class=\"elementor-widget-container\">\n\t\t\t\t\t\t\tAbsolutely not!\nWe are a couple in life and both internationally recognized photographers.\nWe have the same vision of wedding photography.\nTogether we are better and each of us can best describe your event.\t\t\t\t\t\t<\/div>\n\t\t\t\t<\/div>\n\t\t\t\t<div class=\"elementor-element elementor-element-9a77105 elementor-widget__width-inherit titolo-regular elementor-widget elementor-widget-heading\" data-id=\"9a77105\" data-element_type=\"widget\" data-widget_type=\"heading.default\">\n\t\t\t\t<div class=\"elementor-widget-container\">\n\t\t\t<h3 class=\"elementor-heading-title elementor-size-default\">Do you also offer video services?<\/h3>\t\t<\/div>\n\t\t\t\t<\/div>\n\t\t\t\t<div class=\"elementor-element elementor-element-7e2ad2e elementor-widget__width-inherit elementor-widget elementor-widget-text-editor\" data-id=\"7e2ad2e\" data-element_type=\"widget\" data-widget_type=\"text-editor.default\">\n\t\t\t\t<div class=\"elementor-widget-container\">\n\t\t\t\t\t\t\t<p>We don't make videos ourselves, but we collaborate with several video makers who share our natural and authentic approach. We can recommend the best ones!<\/p>\t\t\t\t\t\t<\/div>\n\t\t\t\t<\/div>\n\t\t\t\t<\/div>\n\t\t\t\t<\/div>\n\t\t\t\t<\/div>","protected":false},"excerpt":{"rendered":"<p>Faq Questa pagina \u00e8 uno spazio pensato per rispondere a tutte le vostre curiosit\u00e0 e dubbi. Qui troverete risposte alle domande che ci vengono poste pi\u00f9 spesso. \u00c8 una guida utile per scoprire di pi\u00f9 su come lavoriamo e su come rendiamo ogni matrimonio un ricordo unico. Vogliamo che sia un punto di partenza per [&hellip;]<\/p>","protected":false},"author":1,"featured_media":0,"parent":0,"menu_order":0,"comment_status":"closed","ping_status":"closed","template":"","meta":{"_acf_changed":false,"footnotes":""},"class_list":["post-1469","page","type-page","status-publish","hentry"],"acf":[],"yoast_head":"<!-- This site is optimized with the Yoast SEO plugin v23.7 - https:\/\/yoast.com\/wordpress\/plugins\/seo\/ -->\n<title>FAQ - federica ariemma photography wedding photographer<\/title>\n<meta name=\"description\" content=\"FAQ - Federica Ariemma wedding photographer Italy available worldwide - wedding question - napoli - sorrento - amalfi coast - puglia\" \/>\n<meta name=\"robots\" content=\"index, follow, max-snippet:-1, max-image-preview:large, max-video-preview:-1\" \/>\n<link rel=\"canonical\" href=\"https:\/\/federicaariemma.com\/en\/faq\/\" \/>\n<meta property=\"og:locale\" content=\"en_GB\" \/>\n<meta property=\"og:type\" content=\"article\" \/>\n<meta property=\"og:title\" content=\"FAQ - federica ariemma photography wedding photographer\" \/>\n<meta property=\"og:description\" content=\"FAQ - Federica Ariemma wedding photographer Italy available worldwide - wedding question - napoli - sorrento - amalfi coast - puglia\" \/>\n<meta property=\"og:url\" content=\"https:\/\/federicaariemma.com\/en\/faq\/\" \/>\n<meta property=\"og:site_name\" content=\"Federica Ariemma\" \/>\n<meta property=\"article:modified_time\" content=\"2025-09-09T14:32:18+00:00\" \/>\n<meta name=\"twitter:card\" content=\"summary_large_image\" \/>\n<meta name=\"twitter:label1\" content=\"Estimated reading time\" \/>\n\t<meta name=\"twitter:data1\" content=\"3 minutes\" \/>\n<script type=\"application\/ld+json\" class=\"yoast-schema-graph\">{\"@context\":\"https:\/\/schema.org\",\"@graph\":[{\"@type\":\"WebPage\",\"@id\":\"https:\/\/federicaariemma.com\/faq\/\",\"url\":\"https:\/\/federicaariemma.com\/faq\/\",\"name\":\"FAQ - federica ariemma photography wedding photographer\",\"isPartOf\":{\"@id\":\"https:\/\/federicaariemma.com\/#website\"},\"datePublished\":\"2024-09-26T09:01:12+00:00\",\"dateModified\":\"2025-09-09T14:32:18+00:00\",\"description\":\"FAQ - Federica Ariemma wedding photographer Italy available worldwide - wedding question - napoli - sorrento - amalfi coast - puglia\",\"breadcrumb\":{\"@id\":\"https:\/\/federicaariemma.com\/faq\/#breadcrumb\"},\"inLanguage\":\"en-GB\",\"potentialAction\":[{\"@type\":\"ReadAction\",\"target\":[\"https:\/\/federicaariemma.com\/faq\/\"]}]},{\"@type\":\"BreadcrumbList\",\"@id\":\"https:\/\/federicaariemma.com\/faq\/#breadcrumb\",\"itemListElement\":[{\"@type\":\"ListItem\",\"position\":1,\"name\":\"Home\",\"item\":\"https:\/\/federicaariemma.com\/\"},{\"@type\":\"ListItem\",\"position\":2,\"name\":\"FAQ\"}]},{\"@type\":\"WebSite\",\"@id\":\"https:\/\/federicaariemma.com\/#website\",\"url\":\"https:\/\/federicaariemma.com\/\",\"name\":\"Federica Ariemma\",\"description\":\"Best Wedding Photographer Puglia\",\"publisher\":{\"@id\":\"https:\/\/federicaariemma.com\/#\/schema\/person\/cac9043dc70c5099d9f7de7f0c5c6b02\"},\"potentialAction\":[{\"@type\":\"SearchAction\",\"target\":{\"@type\":\"EntryPoint\",\"urlTemplate\":\"https:\/\/federicaariemma.com\/?s={search_term_string}\"},\"query-input\":{\"@type\":\"PropertyValueSpecification\",\"valueRequired\":true,\"valueName\":\"search_term_string\"}}],\"inLanguage\":\"en-GB\"},{\"@type\":[\"Person\",\"Organization\"],\"@id\":\"https:\/\/federicaariemma.com\/#\/schema\/person\/cac9043dc70c5099d9f7de7f0c5c6b02\",\"name\":\"Federica\",\"image\":{\"@type\":\"ImageObject\",\"inLanguage\":\"en-GB\",\"@id\":\"https:\/\/federicaariemma.com\/#\/schema\/person\/image\/\",\"url\":\"https:\/\/federicaariemma.com\/wp-content\/uploads\/2024\/07\/logo-federica.png\",\"contentUrl\":\"https:\/\/federicaariemma.com\/wp-content\/uploads\/2024\/07\/logo-federica.png\",\"width\":1512,\"height\":2138,\"caption\":\"Federica\"},\"logo\":{\"@id\":\"https:\/\/federicaariemma.com\/#\/schema\/person\/image\/\"}}]}<\/script>\n<!-- \/ Yoast SEO plugin. -->","yoast_head_json":{"title":"FAQ - federica ariemma photography wedding photographer","description":"FAQ - Federica Ariemma wedding photographer Italy available worldwide - wedding question - napoli - sorrento - amalfi coast - puglia","robots":{"index":"index","follow":"follow","max-snippet":"max-snippet:-1","max-image-preview":"max-image-preview:large","max-video-preview":"max-video-preview:-1"},"canonical":"https:\/\/federicaariemma.com\/en\/faq\/","og_locale":"en_GB","og_type":"article","og_title":"FAQ - federica ariemma photography wedding photographer","og_description":"FAQ - Federica Ariemma wedding photographer Italy available worldwide - wedding question - napoli - sorrento - amalfi coast - puglia","og_url":"https:\/\/federicaariemma.com\/en\/faq\/","og_site_name":"Federica Ariemma","article_modified_time":"2025-09-09T14:32:18+00:00","twitter_card":"summary_large_image","twitter_misc":{"Estimated reading time":"3 minutes"},"schema":{"@context":"https:\/\/schema.org","@graph":[{"@type":"WebPage","@id":"https:\/\/federicaariemma.com\/faq\/","url":"https:\/\/federicaariemma.com\/faq\/","name":"FAQ - federica ariemma photography wedding photographer","isPartOf":{"@id":"https:\/\/federicaariemma.com\/#website"},"datePublished":"2024-09-26T09:01:12+00:00","dateModified":"2025-09-09T14:32:18+00:00","description":"FAQ - Federica Ariemma wedding photographer Italy available worldwide - wedding question - napoli - sorrento - amalfi coast - puglia","breadcrumb":{"@id":"https:\/\/federicaariemma.com\/faq\/#breadcrumb"},"inLanguage":"en-GB","potentialAction":[{"@type":"ReadAction","target":["https:\/\/federicaariemma.com\/faq\/"]}]},{"@type":"BreadcrumbList","@id":"https:\/\/federicaariemma.com\/faq\/#breadcrumb","itemListElement":[{"@type":"ListItem","position":1,"name":"Home","item":"https:\/\/federicaariemma.com\/"},{"@type":"ListItem","position":2,"name":"FAQ"}]},{"@type":"WebSite","@id":"https:\/\/federicaariemma.com\/#website","url":"https:\/\/federicaariemma.com\/","name":"Federica Ariemma","description":"Best Wedding Photographer Puglia","publisher":{"@id":"https:\/\/federicaariemma.com\/#\/schema\/person\/cac9043dc70c5099d9f7de7f0c5c6b02"},"potentialAction":[{"@type":"SearchAction","target":{"@type":"EntryPoint","urlTemplate":"https:\/\/federicaariemma.com\/?s={search_term_string}"},"query-input":{"@type":"PropertyValueSpecification","valueRequired":true,"valueName":"search_term_string"}}],"inLanguage":"en-GB"},{"@type":["Person","Organization"],"@id":"https:\/\/federicaariemma.com\/#\/schema\/person\/cac9043dc70c5099d9f7de7f0c5c6b02","name":"Federica","image":{"@type":"ImageObject","inLanguage":"en-GB","@id":"https:\/\/federicaariemma.com\/#\/schema\/person\/image\/","url":"https:\/\/federicaariemma.com\/wp-content\/uploads\/2024\/07\/logo-federica.png","contentUrl":"https:\/\/federicaariemma.com\/wp-content\/uploads\/2024\/07\/logo-federica.png","width":1512,"height":2138,"caption":"Federica"},"logo":{"@id":"https:\/\/federicaariemma.com\/#\/schema\/person\/image\/"}}]}},"_links":{"self":[{"href":"https:\/\/federicaariemma.com\/en\/wp-json\/wp\/v2\/pages\/1469","targetHints":{"allow":["GET"]}}],"collection":[{"href":"https:\/\/federicaariemma.com\/en\/wp-json\/wp\/v2\/pages"}],"about":[{"href":"https:\/\/federicaariemma.com\/en\/wp-json\/wp\/v2\/types\/page"}],"author":[{"embeddable":true,"href":"https:\/\/federicaariemma.com\/en\/wp-json\/wp\/v2\/users\/1"}],"replies":[{"embeddable":true,"href":"https:\/\/federicaariemma.com\/en\/wp-json\/wp\/v2\/comments?post=1469"}],"version-history":[{"count":4,"href":"https:\/\/federicaariemma.com\/en\/wp-json\/wp\/v2\/pages\/1469\/revisions"}],"predecessor-version":[{"id":27969,"href":"https:\/\/federicaariemma.com\/en\/wp-json\/wp\/v2\/pages\/1469\/revisions\/27969"}],"wp:attachment":[{"href":"https:\/\/federicaariemma.com\/en\/wp-json\/wp\/v2\/media?parent=1469"}],"curies":[{"name":"wp","href":"https:\/\/api.w.org\/{rel}","templated":true}]}}